{"id":3837,"date":"2020-04-08T16:20:30","date_gmt":"2020-04-08T14:20:30","guid":{"rendered":"https:\/\/testmsregister.wpcomstaging.com\/?page_id=3837"},"modified":"2023-02-21T14:53:58","modified_gmt":"2023-02-21T12:53:58","slug":"attualita","status":"publish","type":"page","link":"https:\/\/ms-register.ch\/it\/attualita\/","title":{"rendered":"Novit\u00e0"},"content":{"rendered":"<div class=\"feedzy-9ed3b6fc6641026b968861192937c88c feedzy-rss\"><ul><li  style=\"padding: 15px 0 25px\" class=\"rss_item\"><div class=\"rss_image\" style=\"height:150px;width:150px;\"><a href=\"https:\/\/www.multiplesklerose.ch\/it\/attualita\/dettaglio\/levoluzione-nella-prescrizione-delle-terapie-immunomodulanti\/\" target=\"_blank\" rel=\" noopener\" title=\"L\u2019evoluzione nella prescrizione delle terapie immunomodulanti\" style=\"height:150px;width:150px;\"><img data-recalc-dims=\"1\" decoding=\"async\" src=\"https:\/\/i0.wp.com\/www.multiplesklerose.ch\/fileadmin\/user_upload\/News\/2026\/IT\/diverse\/DMT_Newsitem_April_SMSR_IT.png?w=746&#038;ssl=1\" title=\"L\u2019evoluzione nella prescrizione delle terapie immunomodulanti\" style=\"height:150px;width:150px;\"><\/a><\/div><span class=\"title\"><a href=\"https:\/\/www.multiplesklerose.ch\/it\/attualita\/dettaglio\/levoluzione-nella-prescrizione-delle-terapie-immunomodulanti\/\" target=\"_blank\" rel=\" noopener\">L\u2019evoluzione nella prescrizione delle terapie immunomodulanti<\/a><\/span><div class=\"rss_content\" style=\"\"><small>on 27. Aprile 2026 at 13:21 <\/small><p>Dopo una diagnosi di sclerosi multipla (SM), presto o tardi sorgono domande su quando iniziare un trattamento e quale sia la terapia pi\u00f9 adatta. Dalla met\u00e0 degli anni Novanta abbiamo a disposizione [&hellip;]<\/p><\/div><\/li><li  style=\"padding: 15px 0 25px\" class=\"rss_item\"><div class=\"rss_image\" style=\"height:150px;width:150px;\"><a href=\"https:\/\/www.multiplesklerose.ch\/it\/attualita\/dettaglio\/costruzione-congiunta-della-conoscenza\/\" target=\"_blank\" rel=\" noopener\" title=\"Costruzione congiunta della conoscenza\" style=\"height:150px;width:150px;\"><img data-recalc-dims=\"1\" decoding=\"async\" src=\"https:\/\/i0.wp.com\/www.multiplesklerose.ch\/fileadmin\/user_upload\/News\/2026\/IT\/ms-register\/Titelbild_NewsItem_Wissen_Februar_2026_1317x878_IT.png?w=746&#038;ssl=1\" title=\"Costruzione congiunta della conoscenza\" style=\"height:150px;width:150px;\"><\/a><\/div><span class=\"title\"><a href=\"https:\/\/www.multiplesklerose.ch\/it\/attualita\/dettaglio\/costruzione-congiunta-della-conoscenza\/\" target=\"_blank\" rel=\" noopener\">Costruzione congiunta della conoscenza<\/a><\/span><div class=\"rss_content\" style=\"\"><small>on 26. Febbraio 2026 at 05:00 <\/small><p>Da quasi dieci anni il Registro Svizzero SM raccoglie informazioni dalle persone affette da sclerosi multipla (SM), ad esempio sulla qualit\u00e0 della vita, l\u2019attivit\u00e0 fisica, l\u2019alimentazione, il [&hellip;]<\/p><\/div><\/li><li  style=\"padding: 15px 0 25px\" class=\"rss_item\"><div class=\"rss_image\" style=\"height:150px;width:150px;\"><a href=\"https:\/\/www.multiplesklerose.ch\/it\/attualita\/dettaglio\/terapie-immunomodulanti-nelle-persone-di-eta-superiore-ai-55-anni-affette-dalla-sclerosi-multipla\/\" target=\"_blank\" rel=\" noopener\" title=\"Terapie immunomodulanti nelle persone di et\u00e0 superiore ai 55 anni affette dalla sclerosi multipla\" style=\"height:150px;width:150px;\"><img data-recalc-dims=\"1\" decoding=\"async\" src=\"https:\/\/i0.wp.com\/www.multiplesklerose.ch\/fileadmin\/_processed_\/8\/0\/csm_260108_DMT_Newsitem_Titelbild_IT_lz_9634646603.png?w=746&#038;ssl=1\" title=\"Terapie immunomodulanti nelle persone di et\u00e0 superiore ai 55 anni affette dalla sclerosi multipla\" style=\"height:150px;width:150px;\"><\/a><\/div><span class=\"title\"><a href=\"https:\/\/www.multiplesklerose.ch\/it\/attualita\/dettaglio\/terapie-immunomodulanti-nelle-persone-di-eta-superiore-ai-55-anni-affette-dalla-sclerosi-multipla\/\" target=\"_blank\" rel=\" noopener\">Terapie immunomodulanti nelle persone di et\u00e0 superiore ai 55 anni affette dalla sclerosi multipla<\/a><\/span><div class=\"rss_content\" style=\"\"><small>on 12. Gennaio 2026 at 12:00 <\/small><p>Per il trattamento della sclerosi multipla vengono utilizzate, tra le altre cose, terapie immunomodulanti (DMT) che hanno lo scopo di rallentare la progressione della malattia. Per quanto riguarda [&hellip;]<\/p><\/div><\/li><li  style=\"padding: 15px 0 25px\" class=\"rss_item\"><div class=\"rss_image\" style=\"height:150px;width:150px;\"><a href=\"https:\/\/www.multiplesklerose.ch\/it\/attualita\/dettaglio\/menopausa-e-rischio-di-progressione-della-sm\/\" target=\"_blank\" rel=\" noopener\" title=\"Menopausa e rischio di progressione della SM\" style=\"height:150px;width:150px;\"><img data-recalc-dims=\"1\" decoding=\"async\" src=\"https:\/\/i0.wp.com\/www.multiplesklerose.ch\/fileadmin\/user_upload\/News\/2025\/IT\/focus-sulla-ricerca\/focus-sulla-ricerca-menopausa.png?w=746&#038;ssl=1\" title=\"Menopausa e rischio di progressione della SM\" style=\"height:150px;width:150px;\"><\/a><\/div><span class=\"title\"><a href=\"https:\/\/www.multiplesklerose.ch\/it\/attualita\/dettaglio\/menopausa-e-rischio-di-progressione-della-sm\/\" target=\"_blank\" rel=\" noopener\">Menopausa e rischio di progressione della SM<\/a><\/span><div class=\"rss_content\" style=\"\"><small>on 29. Dicembre 2025 at 05:00 <\/small><p>La SM colpisce pi\u00f9 spesso le donne rispetto agli uomini e la maggior parte delle donne affette da SM entra in menopausa dopo la diagnosi della malattia. Un nuovo studio australiano si interroga sul [&hellip;]<\/p><\/div><\/li><li  style=\"padding: 15px 0 25px\" class=\"rss_item\"><div class=\"rss_image\" style=\"height:150px;width:150px;\"><a href=\"https:\/\/www.multiplesklerose.ch\/it\/attualita\/dettaglio\/il-registro-svizzero-sm-allectrims-2025-a-new-era-of-precision\/\" target=\"_blank\" rel=\" noopener\" title=\"Il Registro svizzero SM all\u2019ECTRIMS 2025 \u2013 \u00abA New Era of Precision\u00bb\" style=\"height:150px;width:150px;\"><img data-recalc-dims=\"1\" decoding=\"async\" src=\"https:\/\/i0.wp.com\/www.multiplesklerose.ch\/fileadmin\/_processed_\/4\/2\/csm_MSR_Nachbericht_Ectrims_2025_Neues_Artikelbild_Bild-04-high_b73617a1e2.jpg?w=746&#038;ssl=1\" title=\"Il Registro svizzero SM all\u2019ECTRIMS 2025 \u2013 \u00abA New Era of Precision\u00bb\" style=\"height:150px;width:150px;\"><\/a><\/div><span class=\"title\"><a href=\"https:\/\/www.multiplesklerose.ch\/it\/attualita\/dettaglio\/il-registro-svizzero-sm-allectrims-2025-a-new-era-of-precision\/\" target=\"_blank\" rel=\" noopener\">Il Registro svizzero SM all\u2019ECTRIMS 2025 \u2013 \u00abA New Era of Precision\u00bb<\/a><\/span><div class=\"rss_content\" style=\"\"><small>on 30. Novembre 2025 at 07:00 <\/small><p>Dal 2023, il Registro svizzero SM partecipa regolarmente al congresso internazionale ECTRIMS. ECTRIMS \u00e8 l\u2019acronimo di European Committee for Treatment and Research in Multiple Sclerosis (Comitato [&hellip;]<\/p><\/div><\/li><li  style=\"padding: 15px 0 25px\" class=\"rss_item\"><div class=\"rss_image\" style=\"height:150px;width:150px;\"><a href=\"https:\/\/www.multiplesklerose.ch\/it\/attualita\/dettaglio\/comprendere-le-cause-della-sclerosi-multipla-cosa-sappiamo-e-perche-non-sappiamo-molto\/\" target=\"_blank\" rel=\" noopener\" title=\"Comprendere le cause della sclerosi multipla: cosa sappiamo e perch\u00e9 non sappiamo molto\" style=\"height:150px;width:150px;\"><img data-recalc-dims=\"1\" decoding=\"async\" src=\"https:\/\/i0.wp.com\/www.multiplesklerose.ch\/fileadmin\/_processed_\/6\/1\/csm_Ursache_Grafik_IT_4134a3673f.jpg?w=746&#038;ssl=1\" title=\"Comprendere le cause della sclerosi multipla: cosa sappiamo e perch\u00e9 non sappiamo molto\" style=\"height:150px;width:150px;\"><\/a><\/div><span class=\"title\"><a href=\"https:\/\/www.multiplesklerose.ch\/it\/attualita\/dettaglio\/comprendere-le-cause-della-sclerosi-multipla-cosa-sappiamo-e-perche-non-sappiamo-molto\/\" target=\"_blank\" rel=\" noopener\">Comprendere le cause della sclerosi multipla: cosa sappiamo e perch\u00e9 non sappiamo molto<\/a><\/span><div class=\"rss_content\" style=\"\"><small>on 25. Ottobre 2025 at 07:03 <\/small><p>La sclerosi multipla non \u00e8 riconducibile a un unico fattore scatenante, ma \u00e8 provocata da cause diverse, si sviluppa nel corso degli anni e il decorso \u00e8 leggermente diverso per ogni persona. [&hellip;]<\/p><\/div><\/li><li  style=\"padding: 15px 0 25px\" class=\"rss_item\"><div class=\"rss_image\" style=\"height:150px;width:150px;\"><a href=\"https:\/\/www.multiplesklerose.ch\/it\/attualita\/dettaglio\/la-qualita-della-vita-come-indicatore-del-decorso-della-sm\/\" target=\"_blank\" rel=\" noopener\" title=\"La qualit\u00e0 della vita come indicatore del decorso della SM\" style=\"height:150px;width:150px;\"><img data-recalc-dims=\"1\" decoding=\"async\" src=\"https:\/\/i0.wp.com\/www.multiplesklerose.ch\/fileadmin\/user_upload\/News\/2025\/DE\/forte-magazin\/Webnews_MS_Register_FORTE_04_25_IT.png?w=746&#038;ssl=1\" title=\"La qualit\u00e0 della vita come indicatore del decorso della SM\" style=\"height:150px;width:150px;\"><\/a><\/div><span class=\"title\"><a href=\"https:\/\/www.multiplesklerose.ch\/it\/attualita\/dettaglio\/la-qualita-della-vita-come-indicatore-del-decorso-della-sm\/\" target=\"_blank\" rel=\" noopener\">La qualit\u00e0 della vita come indicatore del decorso della SM<\/a><\/span><div class=\"rss_content\" style=\"\"><small>on 5. Ottobre 2025 at 22:10 <\/small><p>Il reale stato di salute delle persone affette da SM non sempre \u00e8 quantificabile in cifre. La scala EDSS, comunemente utilizzata, rileva soprattutto le limitazioni fisiche. Un recente studio a lungo [&hellip;]<\/p><\/div><\/li><li  style=\"padding: 15px 0 25px\" class=\"rss_item\"><div class=\"rss_image\" style=\"height:150px;width:150px;\"><a href=\"https:\/\/www.multiplesklerose.ch\/it\/attualita\/dettaglio\/due-nuove-diagnosi-di-sm-al-giorno-in-svizzera\/\" target=\"_blank\" rel=\" noopener\" title=\"Due nuove diagnosi di SM al giorno in Svizzera\" style=\"height:150px;width:150px;\"><img data-recalc-dims=\"1\" decoding=\"async\" src=\"https:\/\/i0.wp.com\/www.multiplesklerose.ch\/fileadmin\/_processed_\/2\/e\/csm_MSR_250710_Inzidenz_Newsitem_IT_Titelbild_lz_777dc7dec2.png?w=746&#038;ssl=1\" title=\"Due nuove diagnosi di SM al giorno in Svizzera\" style=\"height:150px;width:150px;\"><\/a><\/div><span class=\"title\"><a href=\"https:\/\/www.multiplesklerose.ch\/it\/attualita\/dettaglio\/due-nuove-diagnosi-di-sm-al-giorno-in-svizzera\/\" target=\"_blank\" rel=\" noopener\">Due nuove diagnosi di SM al giorno in Svizzera<\/a><\/span><div class=\"rss_content\" style=\"\"><small>on 4. Agosto 2025 at 12:40 <\/small><p>Il numero totale di persone affette da SM in Svizzera \u00e8 stato recentemente stimato a 18.000. Ora \u00e8 disponibile una stima basata sulle nuove diagnosi di SM. Il nuovo studio del Registro svizzero SM [&hellip;]<\/p><\/div><\/li><li  style=\"padding: 15px 0 25px\" class=\"rss_item\"><div class=\"rss_image\" style=\"height:150px;width:150px;\"><a href=\"https:\/\/www.multiplesklerose.ch\/it\/attualita\/dettaglio\/i-sintomi-della-sm-diventano-meno-visibili\/\" target=\"_blank\" rel=\" noopener\" title=\"I sintomi della SM diventano meno visibili?\" style=\"height:150px;width:150px;\"><img data-recalc-dims=\"1\" decoding=\"async\" src=\"https:\/\/i0.wp.com\/www.multiplesklerose.ch\/fileadmin\/_processed_\/1\/5\/csm_Depositphotos_408003182_L_d563c27b83.jpg?w=746&#038;ssl=1\" title=\"I sintomi della SM diventano meno visibili?\" style=\"height:150px;width:150px;\"><\/a><\/div><span class=\"title\"><a href=\"https:\/\/www.multiplesklerose.ch\/it\/attualita\/dettaglio\/i-sintomi-della-sm-diventano-meno-visibili\/\" target=\"_blank\" rel=\" noopener\">I sintomi della SM diventano meno visibili?<\/a><\/span><div class=\"rss_content\" style=\"\"><small>on 3. Agosto 2025 at 22:10 <\/small><p>La sclerosi multipla si manifesta in modo diverso in ogni persona. Inoltre, molti sintomi della malattia non sono percepibili dall\u2019esterno. Molto spesso, nelle fasi iniziali, la SM si manifesta in [&hellip;]<\/p><\/div><\/li><li  style=\"padding: 15px 0 25px\" class=\"rss_item\"><div class=\"rss_image\" style=\"height:150px;width:150px;\"><a href=\"https:\/\/www.multiplesklerose.ch\/it\/attualita\/dettaglio\/quando-caldo-e-freddo-causano-stress\/\" target=\"_blank\" rel=\" noopener\" title=\"Quando caldo e freddo causano stress\" style=\"height:150px;width:150px;\"><img data-recalc-dims=\"1\" decoding=\"async\" src=\"https:\/\/i0.wp.com\/www.multiplesklerose.ch\/fileadmin\/_processed_\/1\/b\/csm_Depositphotos_452149890_XL_2932cedd46.jpg?w=746&#038;ssl=1\" title=\"Quando caldo e freddo causano stress\" style=\"height:150px;width:150px;\"><\/a><\/div><span class=\"title\"><a href=\"https:\/\/www.multiplesklerose.ch\/it\/attualita\/dettaglio\/quando-caldo-e-freddo-causano-stress\/\" target=\"_blank\" rel=\" noopener\">Quando caldo e freddo causano stress<\/a><\/span><div class=\"rss_content\" style=\"\"><small>on 13. Giugno 2025 at 10:00 <\/small><p>Per molte persone con SM, le calde giornate estive non sono necessariamente un motivo di gioia. Tra loro, il 70\u201380% soffre del cosiddetto fenomeno di Uhthoff, un peggioramento temporaneo dei [&hellip;]<\/p><\/div><\/li><\/ul> <\/div><style type=\"text\/css\" media=\"all\">.feedzy-rss .rss_item .rss_image{float:left;position:relative;border:none;text-decoration:none;max-width:100%}.feedzy-rss .rss_item .rss_image span{display:inline-block;position:absolute;width:100%;height:100%;background-position:50%;background-size:cover}.feedzy-rss .rss_item .rss_image{margin:.3em 1em 0 0;content-visibility:auto}.feedzy-rss ul{list-style:none}.feedzy-rss ul li{display:inline-block}<\/style>\n\n\n<p class=\"wp-block-paragraph\"><\/p>\n","protected":false},"excerpt":{"rendered":"","protected":false},"author":178878241,"featured_media":5133,"parent":0,"menu_order":0,"comment_status":"closed","ping_status":"closed","template":"templates\/template-cover.php","meta":{"_coblocks_attr":"","_coblocks_dimensions":"","_coblocks_responsive_height":"","_coblocks_accordion_ie_support":"","_crdt_document":"","advanced_seo_description":"","jetpack_seo_html_title":"","jetpack_seo_noindex":false,"footnotes":""},"class_list":["post-3837","page","type-page","status-publish","has-post-thumbnail","hentry"],"jetpack_likes_enabled":false,"jetpack_sharing_enabled":false,"jetpack_shortlink":"https:\/\/wp.me\/PbDdJA-ZT","amp_enabled":false,"_links":{"self":[{"href":"https:\/\/ms-register.ch\/it\/wp-json\/wp\/v2\/pages\/3837","targetHints":{"allow":["GET"]}}],"collection":[{"href":"https:\/\/ms-register.ch\/it\/wp-json\/wp\/v2\/pages"}],"about":[{"href":"https:\/\/ms-register.ch\/it\/wp-json\/wp\/v2\/types\/page"}],"author":[{"embeddable":true,"href":"https:\/\/ms-register.ch\/it\/wp-json\/wp\/v2\/users\/178878241"}],"replies":[{"embeddable":true,"href":"https:\/\/ms-register.ch\/it\/wp-json\/wp\/v2\/comments?post=3837"}],"version-history":[{"count":18,"href":"https:\/\/ms-register.ch\/it\/wp-json\/wp\/v2\/pages\/3837\/revisions"}],"predecessor-version":[{"id":7809,"href":"https:\/\/ms-register.ch\/it\/wp-json\/wp\/v2\/pages\/3837\/revisions\/7809"}],"wp:featuredmedia":[{"embeddable":true,"href":"https:\/\/ms-register.ch\/it\/wp-json\/wp\/v2\/media\/5133"}],"wp:attachment":[{"href":"https:\/\/ms-register.ch\/it\/wp-json\/wp\/v2\/media?parent=3837"}],"curies":[{"name":"wp","href":"https:\/\/api.w.org\/{rel}","templated":true}]}}