{"id":6924,"date":"2021-10-11T17:54:59","date_gmt":"2021-10-11T15:54:59","guid":{"rendered":"https:\/\/ms-register.ch\/enquete\/"},"modified":"2023-08-14T11:23:49","modified_gmt":"2023-08-14T09:23:49","slug":"enquete","status":"publish","type":"page","link":"https:\/\/ms-register.ch\/fr\/enquete\/","title":{"rendered":"Enqu\u00eate"},"content":{"rendered":"\n<h2 class=\"wp-block-heading\">Nouveau questionnaire \u00e9t\u00e9 2023 &#8211; L\u2019efficacit\u00e9 personnelle<\/h2>\n\n\n\n<p class=\"wp-block-paragraph\">La scl\u00e9rose en plaques (SEP) est une maladie chronique qui confronte les personnes atteintes \u00e0 des d\u00e9fis vari\u00e9s au quotidien. La derni\u00e8re enqu\u00eate du Registre SEP est consacr\u00e9e \u00e0 l\u2019auto-efficacit\u00e9 et aux sujets associ\u00e9s chez les personnes atteintes de SEP. Elle a pour objectif de recenser le ressenti individuel des patient-e-s vis-\u00e0-vis de leur auto-efficacit\u00e9 dans la gestion de leur SEP.<\/p>\n\n\n\n<figure class=\"wp-block-image size-large mb-0 mt-0\"><img data-recalc-dims=\"1\" fetchpriority=\"high\" decoding=\"async\" width=\"746\" height=\"420\" data-attachment-id=\"8116\" data-permalink=\"https:\/\/ms-register.ch\/fr\/enquete\/giulia-bertelli-dvxgnwnywem-unsplash-2\/\" data-orig-file=\"https:\/\/i0.wp.com\/ms-register.ch\/wp-content\/uploads\/2023\/08\/giulia-bertelli-dvXGnwnYweM-unsplash.jpg?fit=3712%2C2088&amp;ssl=1\" data-orig-size=\"3712,2088\" data-comments-opened=\"0\" data-image-meta=\"{&quot;aperture&quot;:&quot;0&quot;,&quot;credit&quot;:&quot;&quot;,&quot;camera&quot;:&quot;&quot;,&quot;caption&quot;:&quot;&quot;,&quot;created_timestamp&quot;:&quot;0&quot;,&quot;copyright&quot;:&quot;&quot;,&quot;focal_length&quot;:&quot;0&quot;,&quot;iso&quot;:&quot;0&quot;,&quot;shutter_speed&quot;:&quot;0&quot;,&quot;title&quot;:&quot;&quot;,&quot;orientation&quot;:&quot;0&quot;}\" data-image-title=\"giulia-bertelli-dvXGnwnYweM-unsplash\" data-image-description=\"\" data-image-caption=\"\" data-large-file=\"https:\/\/i0.wp.com\/ms-register.ch\/wp-content\/uploads\/2023\/08\/giulia-bertelli-dvXGnwnYweM-unsplash.jpg?fit=580%2C326&amp;ssl=1\" src=\"https:\/\/i0.wp.com\/ms-register.ch\/wp-content\/uploads\/2023\/08\/giulia-bertelli-dvXGnwnYweM-unsplash.jpg?resize=746%2C420&#038;ssl=1\" alt=\"\" class=\"wp-image-8116\" srcset=\"https:\/\/i0.wp.com\/ms-register.ch\/wp-content\/uploads\/2023\/08\/giulia-bertelli-dvXGnwnYweM-unsplash.jpg?resize=1024%2C576&amp;ssl=1 1024w, https:\/\/i0.wp.com\/ms-register.ch\/wp-content\/uploads\/2023\/08\/giulia-bertelli-dvXGnwnYweM-unsplash.jpg?resize=300%2C169&amp;ssl=1 300w, https:\/\/i0.wp.com\/ms-register.ch\/wp-content\/uploads\/2023\/08\/giulia-bertelli-dvXGnwnYweM-unsplash.jpg?resize=768%2C432&amp;ssl=1 768w, https:\/\/i0.wp.com\/ms-register.ch\/wp-content\/uploads\/2023\/08\/giulia-bertelli-dvXGnwnYweM-unsplash.jpg?resize=1536%2C864&amp;ssl=1 1536w, https:\/\/i0.wp.com\/ms-register.ch\/wp-content\/uploads\/2023\/08\/giulia-bertelli-dvXGnwnYweM-unsplash.jpg?resize=2048%2C1152&amp;ssl=1 2048w, https:\/\/i0.wp.com\/ms-register.ch\/wp-content\/uploads\/2023\/08\/giulia-bertelli-dvXGnwnYweM-unsplash.jpg?resize=1200%2C675&amp;ssl=1 1200w, https:\/\/i0.wp.com\/ms-register.ch\/wp-content\/uploads\/2023\/08\/giulia-bertelli-dvXGnwnYweM-unsplash.jpg?resize=1980%2C1114&amp;ssl=1 1980w, https:\/\/i0.wp.com\/ms-register.ch\/wp-content\/uploads\/2023\/08\/giulia-bertelli-dvXGnwnYweM-unsplash.jpg?w=2238&amp;ssl=1 2238w\" sizes=\"(max-width: 746px) 100vw, 746px\" \/><\/figure>\n\n\n\n<h2 class=\"wp-block-heading\">Qu\u2019est-ce que l\u2019auto-efficacit\u00e9?<\/h2>\n\n\n\n<p class=\"wp-block-paragraph\">L\u2019auto-efficacit\u00e9 est un concept mis au point par le psychologue Albert Bandura. Il se rapporte \u00e0 la croyance personnelle d\u2019un individu quant \u00e0 ses capacit\u00e9s \u00e0 ma\u00eetriser lui-m\u00eame des situations difficiles et des d\u00e9fis complexes (Bandura, 1997). L\u2019exp\u00e9rience de l\u2019auto-efficacit\u00e9 joue un r\u00f4le important pour la sant\u00e9 mentale. Elle interagit avec diff\u00e9rents processus essentiels au bien-\u00eatre, par exemple la perception de son propre corps ou de la sensation d\u2019\u00e9puisement. Dans le cadre d\u2019une maladie chronique comme la SEP, le quotidien est fait de situations difficiles auxquelles il faut faire face et que l\u2019on doit surmonter. L\u2019attente de sa propre auto-efficacit\u00e9 est essentielle pour ma\u00eetriser de tels d\u00e9fis li\u00e9s \u00e0 la SEP.<br><\/p>\n\n\n\n<h2 class=\"wp-block-heading\">Enqu\u00eate sp\u00e9ciale sur le th\u00e8me \u00abSEP et auto-efficacit\u00e9\u00bb<\/h2>\n\n\n\n<p class=\"wp-block-paragraph\">Cet \u00e9t\u00e9, le Registre suisse de la SEP lance une enqu\u00eate sp\u00e9ciale sur le th\u00e8me \u00abSEP et auto-efficacit\u00e9\u00bb. Elle est con\u00e7ue et \u00e9labor\u00e9e en collaboration avec la clinique de r\u00e9adaptation Valens et des expert-e-s de l\u2019EPF de Zurich (Translational Neuromodeling Unit). Cette nouvelle enqu\u00eate se penche sur l\u2019auto-efficacit\u00e9 individuelle dans diff\u00e9rents domaines et donne des indications sur les croyances et les positions des personnes atteintes de SEP.<br><br>Les r\u00e9ponses aux questionnaires mettent en \u00e9vidence la mani\u00e8re dont l\u2019auto-efficacit\u00e9 influe sur le bien-\u00eatre, les capacit\u00e9s de r\u00e9action et la qualit\u00e9 de vie des personnes atteintes. Elles permettent \u00e9galement de mieux comprendre les besoins et ressources de chaque individu.<\/p>\n\n\n\n<h2 class=\"wp-block-heading\">Partie compl\u00e9mentaire sur la perception du corps et la sant\u00e9 mentale<\/h2>\n\n\n\n<p class=\"wp-block-paragraph\">En plus de l\u2019auto-efficacit\u00e9, l\u2019enqu\u00eate aborde aussi les aspects de la perception du corps et de la sant\u00e9 mentale. Les r\u00e9ponses \u00e0 ces questions permettent d\u2019analyser des facteurs individuels, tels que l\u2019humeur, le bien-\u00eatre \u00e9motionnel et les perceptions li\u00e9es au corps.<br><br>Les r\u00e9sultats de cette nouvelle enqu\u00eate pourront contribuer \u00e0 se faire une meilleure id\u00e9e du degr\u00e9 d\u2019auto-efficacit\u00e9 chez les personnes atteintes de SEP, et d\u2019en d\u00e9duire des liens avec la sant\u00e9 mentale et la perception du corps. Cette compr\u00e9hension constitue une base importante pour d\u00e9velopper de nouvelles approches de traitement cognitif, afin d\u2019am\u00e9liorer la sant\u00e9 mentale des personnes atteintes de SEP.<\/p>\n\n\n\n<h2 class=\"wp-block-heading\">Participation<\/h2>\n\n\n\n<p class=\"wp-block-paragraph\">Toutes les personnes atteintes de SEP inscrites au Registre de la SEP seront invit\u00e9es par email ou par courrier, entre juillet et d\u00e9cembre 2023, \u00e0 participer \u00e0 cette enqu\u00eate.<br><br>Les personnes atteintes de SEP ne figurant pas encore dans le Registre de la SEP et souhaitant participer \u00e0 cette enqu\u00eate et \u00e0 celles \u00e0 venir peuvent s\u2019inscrire en cliquant sur le lien suivant:<\/p>\n\n\n\n<div class=\"wp-block-buttons is-layout-flex wp-block-buttons-is-layout-flex\">\n<div class=\"wp-block-button\"><a class=\"wp-block-button__link wp-element-button\" href=\"https:\/\/ms-register.ch\/fr\/enquete\/\" target=\"_blank\" rel=\"noreferrer noopener\">participation<\/a><\/div>\n<\/div>\n","protected":false},"excerpt":{"rendered":"<p>Nouveau questionnaire \u00e9t\u00e9 2023 &#8211; L\u2019efficacit\u00e9 personnelle La scl\u00e9rose en plaques (SEP) est une maladie chronique qui confronte les personnes atteintes \u00e0 des d\u00e9fis vari\u00e9s au quotidien. La derni\u00e8re enqu\u00eate du Registre SEP est consacr\u00e9e \u00e0 l\u2019auto-efficacit\u00e9 et aux sujets associ\u00e9s chez les personnes atteintes de SEP. Elle a pour objectif de recenser le ressenti [&hellip;]<\/p>\n","protected":false},"author":178878241,"featured_media":6833,"parent":0,"menu_order":0,"comment_status":"closed","ping_status":"closed","template":"templates\/template-cover.php","meta":{"_coblocks_attr":"","_coblocks_dimensions":"","_coblocks_responsive_height":"","_coblocks_accordion_ie_support":"","_crdt_document":"","advanced_seo_description":"","jetpack_seo_html_title":"","jetpack_seo_noindex":false,"footnotes":""},"class_list":["post-6924","page","type-page","status-publish","has-post-thumbnail","hentry"],"jetpack_likes_enabled":false,"jetpack_sharing_enabled":true,"jetpack_shortlink":"https:\/\/wp.me\/PbDdJA-1NG","amp_enabled":false,"_links":{"self":[{"href":"https:\/\/ms-register.ch\/fr\/wp-json\/wp\/v2\/pages\/6924","targetHints":{"allow":["GET"]}}],"collection":[{"href":"https:\/\/ms-register.ch\/fr\/wp-json\/wp\/v2\/pages"}],"about":[{"href":"https:\/\/ms-register.ch\/fr\/wp-json\/wp\/v2\/types\/page"}],"author":[{"embeddable":true,"href":"https:\/\/ms-register.ch\/fr\/wp-json\/wp\/v2\/users\/178878241"}],"replies":[{"embeddable":true,"href":"https:\/\/ms-register.ch\/fr\/wp-json\/wp\/v2\/comments?post=6924"}],"version-history":[{"count":24,"href":"https:\/\/ms-register.ch\/fr\/wp-json\/wp\/v2\/pages\/6924\/revisions"}],"predecessor-version":[{"id":8134,"href":"https:\/\/ms-register.ch\/fr\/wp-json\/wp\/v2\/pages\/6924\/revisions\/8134"}],"wp:featuredmedia":[{"embeddable":true,"href":"https:\/\/ms-register.ch\/fr\/wp-json\/wp\/v2\/media\/6833"}],"wp:attachment":[{"href":"https:\/\/ms-register.ch\/fr\/wp-json\/wp\/v2\/media?parent=6924"}],"curies":[{"name":"wp","href":"https:\/\/api.w.org\/{rel}","templated":true}]}}